{"id":12,"date":"2016-07-23T21:05:52","date_gmt":"2016-07-23T21:05:52","guid":{"rendered":"http:\/\/therapie-hohenhaus.de\/?page_id=12"},"modified":"2022-09-13T09:13:08","modified_gmt":"2022-09-13T09:13:08","slug":"impressum","status":"publish","type":"page","link":"https:\/\/therapie-hohenhaus.de\/en\/impressum\/","title":{"rendered":"Impressum"},"content":{"rendered":"<div id=\"main\" class=\"clearfix\">\n<div class=\"inner-wrap\">\n<div id=\"primary\">\n<div id=\"content\" class=\"clearfix\">\n<article id=\"post-17\" class=\"post-17 page type-page status-publish hentry\">\n<div class=\"entry-content clearfix\">\n<h4>Angaben gem\u00e4\u00df \u00a7 5 TMG:<\/h4>\n<p>Praxisanschrift<br \/>\nHohenzollernring 28<br \/>\n50672 K\u00f6ln<\/p>\n<p>Tel: 0151-51289191<br \/>\nEmail: mail@therapie-hohenhaus.de<\/p>\n<h4>Berufsbezeichnung:<\/h4>\n<p>Psychologische Psychotherapeutin, verliehen in der BRD<br \/>\nArztregister: Nr. 2782758<\/p>\n<h5>Zugeh\u00f6rige Aufsichtsbeh\u00f6rde:<\/h5>\n<p>Psychotherapeutenkammer NRW<br \/>\nWillst\u00e4tter Str. 10, 40549 D\u00fcsseldorf<br \/>\nTelefon 0211 \u2013 52 28 47 \u2013 0<br \/>\nFax 0211 \u2013 52 28 47 \u2013 15<br \/>\nEmail: info@ptk-nrw.de<\/p>\n<p>Es gelten folgende berufsrechtliche Regelungen: Berufsordnung der Psychotherapeutenkammer Nordrhein<br \/>\nRegelungen einsehbar unter: <a href=\"https:\/\/www.ptk-nrw.de\/fileadmin\/user_upload\/pdf\/Rechtliches\/2014\/Berufsordnung_ab_06-09-2014.pdf\" target=\"_blank\" rel=\"noopener noreferrer\">Berufsordnung der Psychotherapeutenkammer Nordrhein<\/a><\/p>\n<p>Es gelten folgende berufsrechtliche Regelungen: Heilberufsgesetz NRW<br \/>\nRegelungen einsehbar unter: <a href=\"https:\/\/www.ptk-nrw.de\/fileadmin\/user_upload\/pdf\/Rechtliches\/2010\/Heilberufsgesetz__NRW_aktuelle_Version.pdf\" target=\"_blank\" rel=\"noopener noreferrer\">Heilberufsgesetz NRW<\/a><\/p>\n<p>Zum Erzeugen von \u201aImpressum\u2018, \u201aDisclaimer\u2018 und \u201aDatenschutz\u2018 wurde der \u201aImpressum Generator\u2018 von <em><a href=\"http:\/\/www.e-recht24.de\" rel=\"nofollow\">http:\/\/www.e-recht24.de<\/a> verwendet.<\/em><\/p>\n<\/div>\n<\/article>\n<\/div>\n<\/div>\n<\/div>\n<\/div>\n","protected":false},"excerpt":{"rendered":"<p>Angaben gem\u00e4\u00df \u00a7 5 TMG: Praxisanschrift Hohenzollernring 28 50672 K\u00f6ln Tel: 0151-51289191 Email: mail@therapie-hohenhaus.de Berufsbezeichnung: Psychologische Psychotherapeutin, verliehen in der BRD Arztregister: Nr. 2782758 Zugeh\u00f6rige Aufsichtsbeh\u00f6rde: Psychotherapeutenkammer NRW Willst\u00e4tter Str. 10, 40549 D\u00fcsseldorf Telefon 0211 \u2013 52 28 47 \u2013<\/p>\n","protected":false},"author":1,"featured_media":0,"parent":0,"menu_order":0,"comment_status":"closed","ping_status":"closed","template":"","meta":{"footnotes":""},"class_list":["post-12","page","type-page","status-publish","hentry"],"translation":{"provider":"WPGlobus","version":"2.10.10","language":"en","enabled_languages":["de","en"],"languages":{"de":{"title":true,"content":true,"excerpt":false},"en":{"title":false,"content":false,"excerpt":false}}},"_links":{"self":[{"href":"https:\/\/therapie-hohenhaus.de\/en\/wp-json\/wp\/v2\/pages\/12","targetHints":{"allow":["GET"]}}],"collection":[{"href":"https:\/\/therapie-hohenhaus.de\/en\/wp-json\/wp\/v2\/pages"}],"about":[{"href":"https:\/\/therapie-hohenhaus.de\/en\/wp-json\/wp\/v2\/types\/page"}],"author":[{"embeddable":true,"href":"https:\/\/therapie-hohenhaus.de\/en\/wp-json\/wp\/v2\/users\/1"}],"replies":[{"embeddable":true,"href":"https:\/\/therapie-hohenhaus.de\/en\/wp-json\/wp\/v2\/comments?post=12"}],"version-history":[{"count":1,"href":"https:\/\/therapie-hohenhaus.de\/en\/wp-json\/wp\/v2\/pages\/12\/revisions"}],"predecessor-version":[{"id":575,"href":"https:\/\/therapie-hohenhaus.de\/en\/wp-json\/wp\/v2\/pages\/12\/revisions\/575"}],"wp:attachment":[{"href":"https:\/\/therapie-hohenhaus.de\/en\/wp-json\/wp\/v2\/media?parent=12"}],"curies":[{"name":"wp","href":"https:\/\/api.w.org\/{rel}","templated":true}]}}